{"id":3,"date":"2024-04-13T12:57:37","date_gmt":"2024-04-13T10:57:37","guid":{"rendered":"https:\/\/kuelbel-gbr.de\/?page_id=3"},"modified":"2025-01-22T10:58:02","modified_gmt":"2025-01-22T09:58:02","slug":"datenschutzerklaerung","status":"publish","type":"page","link":"https:\/\/kuelbel-gbr.de\/en\/contact-3\/datenschutzerklaerung\/","title":{"rendered":"Privacy policy"},"content":{"rendered":"<div class=\"wp-block-cover\"><span aria-hidden=\"true\" class=\"wp-block-cover__background has-nv-site-bg-background-color has-background-dim-100 has-background-dim\"><\/span><div class=\"wp-block-cover__inner-container is-layout-constrained wp-block-cover-is-layout-constrained\">\n<div style=\"height:12px\" aria-hidden=\"true\" class=\"wp-block-spacer\"><\/div>\n\n\n\n<p class=\"has-neve-link-color-color has-text-color has-link-color has-x-large-font-size wp-elements-5486c7380a75fae8e333917f954f8034\">Privacy policy<\/p>\n\n\n\n<p class=\"has-neve-link-color-color has-text-color has-link-color wp-elements-c9fd4a598b43d1c2ebfd37cf1775be0a\"><strong>1. Allgemeines<\/strong> Diese Datenschutzerkl\u00e4rung informiert Sie \u00fcber die Art, den Umfang und Zweck der Verarbeitung von personenbezogenen Daten innerhalb unseres Onlineangebotes und der mit ihm verbundenen Webseiten, Funktionen und Inhalte sowie externen Onlinepr\u00e4senzen, wie z.B. unser Social Media Profile. Bez\u00fcglich der verwendeten Begrifflichkeiten, wie z.B. \u201eVerarbeitung\u201c oder \u201eVerantwortlicher\u201c verweisen wir auf die Definitionen im Art. 4 der Datenschutzgrundverordnung (DSGVO).<\/p>\n\n\n\n<p class=\"has-neve-link-color-color has-text-color has-link-color wp-elements-3314752b296ef92d1fc77f4906dfffcb\"><strong>Verantwortlicher:<\/strong> <br>K\u00fclbel Geb\u00e4udebetreuung GbR<br>Windorferstr. 13, 04229 Leipzig, Deutschland<br>E-Mail: <a>info@kuelbel-gbr.de<\/a><br>Telefon: 03414299929<br>Impressum: <a href=\"https:\/\/kuelbel-gbr.de\/en\/contact-3\/cookie\/\" data-type=\"page\" data-id=\"950\">Impressum<\/a><\/p>\n\n\n\n<p class=\"has-neve-link-color-color has-text-color has-link-color wp-elements-8fcc203695d6d28c43ee8f11af6c486e\"><strong>2. Arten der verarbeiteten Daten:<\/strong><\/p>\n\n\n\n<ul class=\"wp-block-list has-neve-link-color-color has-text-color has-link-color wp-elements-d27dcc0c840e6b09fa6ef3e82c582a6e\">\n<li>Bestandsdaten (z.B., Personen-Stammdaten, Namen oder Adressen).<\/li>\n\n\n\n<li>Kontaktdaten (z.B., E-Mail, Telefonnummern).<\/li>\n\n\n\n<li>Inhaltsdaten (z.B., Texteingaben, Fotografien, Videos).<\/li>\n\n\n\n<li>Nutzungsdaten (z.B., besuchte Webseiten, Interesse an Inhalten, Zugriffszeiten).<\/li>\n\n\n\n<li>Meta-\/Kommunikationsdaten (z.B., Ger\u00e4te-Informationen, IP-Adressen).<\/li>\n<\/ul>\n\n\n\n<p class=\"has-neve-link-color-color has-text-color has-link-color wp-elements-6ab55ab46bde182fce80128fc32c11fa\"><strong>3. Zweck der Verarbeitung<\/strong><\/p>\n\n\n\n<ul class=\"wp-block-list has-neve-link-color-color has-text-color has-link-color wp-elements-97a70cf0f1d7b20785602550ea9bce3f\">\n<li>Zurverf\u00fcgungstellung des Onlineangebotes, seiner Funktionen und Inhalte.<\/li>\n\n\n\n<li>Beantwortung von Kontaktanfragen und Kommunikation mit Nutzern.<\/li>\n\n\n\n<li>Sicherheitsma\u00dfnahmen.<\/li>\n\n\n\n<li>Reichweitenmessung\/Marketing<\/li>\n<\/ul>\n\n\n\n<p class=\"has-neve-link-color-color has-text-color has-link-color wp-elements-449971d2e5325d61446eff1045293c4c\"><strong>4. Verwendete Begrifflichkeiten<\/strong> <br>\u201ePersonenbezogene Daten\u201c sind alle Informationen, die sich auf eine identifizierte oder identifizierbare nat\u00fcrliche Person (im Folgenden \u201ebetroffene Person\u201c) beziehen. Als \u201eVerarbeitung\u201c gilt jeder mit oder ohne Hilfe automatisierter Verfahren ausgef\u00fchrter Vorgang oder jede solche Vorgangsreihe im Zusammenhang mit personenbezogenen Daten. Der \u201eVerantwortliche\u201c ist die nat\u00fcrliche oder juristische Person, die allein oder gemeinsam mit anderen \u00fcber die Zwecke und Mittel der Verarbeitung von personenbezogenen Daten entscheidet.<\/p>\n\n\n\n<p class=\"has-neve-link-color-color has-text-color has-link-color wp-elements-07ae352b67e645f830b2b6f7f1fca2d6\"><strong>5. Ma\u00dfgebliche Rechtsgrundlagen<\/strong> <br>Nach Ma\u00dfgabe des Art. 13 DSGVO teilen wir Ihnen die Rechtsgrundlagen unserer Datenverarbeitungen mit. F\u00fcr Nutzer aus dem Geltungsbereich der Datenschutz-Grundverordnung (DSGVO), d.h. der EU und des EWG, gilt, dass die Rechtsgrundlage der Einwilligung Art. 6 Abs. 1 lit. a und Art. 7 DSGVO, die Rechtsgrundlage f\u00fcr die Verarbeitung zur Erf\u00fcllung unserer Leistungen und Durchf\u00fchrung vertraglicher Ma\u00dfnahmen Art. 6 Abs. 1 lit. b DSGVO, die Rechtsgrundlage f\u00fcr die Verarbeitung zur Erf\u00fcllung unserer rechtlichen Verpflichtungen Art. 6 Abs. 1 lit. c DSGVO, und die Rechtsgrundlage f\u00fcr die Verarbeitung zur Wahrung unserer berechtigten Interessen Art. 6 Abs. 1 lit. f DSGVO ist.<\/p>\n\n\n\n<p class=\"has-neve-link-color-color has-text-color has-link-color wp-elements-6a34fc2a3cb1e868457213ada977baa3\"><strong>6. Sicherheitsma\u00dfnahmen<\/strong> <br>Wir treffen nach Ma\u00dfgabe des Art. 32 DSGVO unter Ber\u00fccksichtigung des Stands der Technik, der Implementierungskosten und der Art, des Umfangs, der Umst\u00e4nde und der Zwecke der Verarbeitung sowie der unterschiedlichen Eintrittswahrscheinlichkeit und Schwere des Risikos f\u00fcr die Rechte und Freiheiten nat\u00fcrlicher Personen, geeignete technische und organisatorische Ma\u00dfnahmen, um ein dem Risiko angemessenes Schutzniveau zu gew\u00e4hrleisten.<\/p>\n\n\n\n<p class=\"has-neve-link-color-color has-text-color has-link-color wp-elements-36c7956900127f497c40cb1227a3a70e\"><strong>7. Zusammenarbeit mit Auftragsverarbeitern und Dritten<\/strong> <br>Sofern wir im Rahmen unserer Verarbeitung Daten gegen\u00fcber anderen Personen und Unternehmen (Auftragsverarbeitern oder Dritten) offenbaren, sie an diese \u00fcbermitteln oder ihnen sonst Zugriff auf die Daten gew\u00e4hren, erfolgt dies nur auf Grundlage einer gesetzlichen Erlaubnis (z.B. wenn eine \u00dcbermittlung der Daten an Dritte, wie an Zahlungsdienstleister, gem. Art. 6 Abs. 1 lit. b DSGVO zur Vertragserf\u00fcllung erforderlich ist), Sie eingewilligt haben, eine rechtliche Verpflichtung dies vorsieht oder auf Grundlage unserer berechtigten Interessen (z.B. beim Einsatz von Beauftragten, Webhostern, etc.).<\/p>\n\n\n\n<p class=\"has-neve-link-color-color has-text-color has-link-color wp-elements-8b87bd6551fa0a01b35df5d466302863\"><strong>8. Rechte der betroffenen Personen<\/strong> <br>Sie haben das Recht, eine Best\u00e4tigung dar\u00fcber zu verlangen, ob betreffende Daten verarbeitet werden, Auskunft \u00fcber diese Daten sowie weitere Informationen und Kopie der Daten entsprechend Art. 15 DSGVO zu erhalten. Sie haben entsprechend. Art. 16 DSGVO das Recht, die Vervollst\u00e4ndigung der Sie betreffenden Daten oder die Berichtigung der Sie betreffenden unrichtigen Daten zu verlangen. Sie haben nach Ma\u00dfgabe des Art. 17 DSGVO das Recht zu verlangen, dass betreffende Daten unverz\u00fcglich gel\u00f6scht werden, bzw. alternativ nach Ma\u00dfgabe des Art. 18 DSGVO die Einschr\u00e4nkung der Verarbeitung der Daten zu verlangen.<\/p>\n\n\n\n<p class=\"has-neve-link-color-color has-text-color has-link-color wp-elements-c3ed8f797dfdf98173a9ad1fa89a5c59\"><strong>9. Widerrufsrecht<\/strong> <br>Sie haben das Recht, erteilte Einwilligungen gem\u00e4\u00df Art. 7 Abs. 3 DSGVO mit Wirkung f\u00fcr die Zukunft zu widerrufen.<\/p>\n\n\n\n<p class=\"has-neve-link-color-color has-text-color has-link-color wp-elements-64171fc742db736b48adfe87634d534b\"><strong>10. Datenschutzbeauftragter<\/strong> <br><br>Datenschutzbeauftragter: <br>Cathrin &amp; Dirk K\u00fclbel<br><br>Adresse: <br>Windorferstr. 13, 04229 Leipzig<br><br>E-Mail: <br><a>info@kuelbel-gbr.de<\/a><\/p>\n\n\n\n<div style=\"height:100px\" aria-hidden=\"true\" class=\"wp-block-spacer\"><\/div>\n<\/div><\/div>","protected":false},"excerpt":{"rendered":"","protected":false},"author":1,"featured_media":0,"parent":826,"menu_order":0,"comment_status":"closed","ping_status":"open","template":"","meta":{"neve_meta_sidebar":"","neve_meta_container":"contained","neve_meta_enable_content_width":"","neve_meta_content_width":0,"neve_meta_title_alignment":"","neve_meta_author_avatar":"","neve_post_elements_order":"","neve_meta_disable_header":"","neve_meta_disable_footer":"","neve_meta_disable_title":"on","_themeisle_gutenberg_block_has_review":false,"footnotes":""},"class_list":["post-3","page","type-page","status-publish","hentry"],"_links":{"self":[{"href":"https:\/\/kuelbel-gbr.de\/en\/wp-json\/wp\/v2\/pages\/3","targetHints":{"allow":["GET"]}}],"collection":[{"href":"https:\/\/kuelbel-gbr.de\/en\/wp-json\/wp\/v2\/pages"}],"about":[{"href":"https:\/\/kuelbel-gbr.de\/en\/wp-json\/wp\/v2\/types\/page"}],"author":[{"embeddable":true,"href":"https:\/\/kuelbel-gbr.de\/en\/wp-json\/wp\/v2\/users\/1"}],"replies":[{"embeddable":true,"href":"https:\/\/kuelbel-gbr.de\/en\/wp-json\/wp\/v2\/comments?post=3"}],"version-history":[{"count":9,"href":"https:\/\/kuelbel-gbr.de\/en\/wp-json\/wp\/v2\/pages\/3\/revisions"}],"predecessor-version":[{"id":1045,"href":"https:\/\/kuelbel-gbr.de\/en\/wp-json\/wp\/v2\/pages\/3\/revisions\/1045"}],"up":[{"embeddable":true,"href":"https:\/\/kuelbel-gbr.de\/en\/wp-json\/wp\/v2\/pages\/826"}],"wp:attachment":[{"href":"https:\/\/kuelbel-gbr.de\/en\/wp-json\/wp\/v2\/media?parent=3"}],"curies":[{"name":"wp","href":"https:\/\/api.w.org\/{rel}","templated":true}]}}